{"id":763,"date":"2024-01-31T11:56:59","date_gmt":"2024-01-31T11:56:59","guid":{"rendered":"https:\/\/taabrestaurante.com\/?page_id=763"},"modified":"2024-03-01T12:44:39","modified_gmt":"2024-03-01T12:44:39","slug":"sobre-nosotros","status":"publish","type":"page","link":"https:\/\/taabrestaurante.com\/en\/sobre-nosotros\/","title":{"rendered":"Sobre nosotros"},"content":{"rendered":"\t\t<div data-elementor-type=\"wp-page\" data-elementor-id=\"763\" class=\"elementor elementor-763\" data-elementor-post-type=\"page\">\n\t\t\t\t<div class=\"elementor-element elementor-element-4ef1fff e-flex e-con-boxed e-con e-parent\" data-id=\"4ef1fff\" data-element_type=\"container\" data-e-type=\"container\">\n\t\t\t\t\t<div class=\"e-con-inner\">\n\t\t\t\t<div class=\"elementor-element elementor-element-eac37f8 elementor-widget elementor-widget-heading\" data-id=\"eac37f8\" data-element_type=\"widget\" data-e-type=\"widget\" data-widget_type=\"heading.default\">\n\t\t\t\t<div class=\"elementor-widget-container\">\n\t\t\t\t\t<h2 class=\"elementor-heading-title elementor-size-default\">Sobre Ta'ab<\/h2>\t\t\t\t<\/div>\n\t\t\t\t<\/div>\n\t\t\t\t\t<\/div>\n\t\t\t\t<\/div>\n\t\t<div class=\"elementor-element elementor-element-aac610d e-flex e-con-boxed e-con e-parent\" data-id=\"aac610d\" data-element_type=\"container\" data-e-type=\"container\">\n\t\t\t\t\t<div class=\"e-con-inner\">\n\t\t<div class=\"elementor-element elementor-element-7ccb847 e-con-full e-flex elementor-invisible e-con e-child\" data-id=\"7ccb847\" data-element_type=\"container\" data-e-type=\"container\" data-settings=\"{&quot;background_background&quot;:&quot;classic&quot;,&quot;animation&quot;:&quot;fadeIn&quot;}\">\n\t\t\t\t<\/div>\n\t\t<div class=\"elementor-element elementor-element-d6d4f35 e-con-full e-flex e-con e-child\" data-id=\"d6d4f35\" data-element_type=\"container\" data-e-type=\"container\" data-settings=\"{&quot;background_background&quot;:&quot;classic&quot;}\">\n\t\t\t\t<div class=\"elementor-element elementor-element-fc20212 eael-dual-header-content-align-left eael-dual-header-content-mobile-align-center elementor-widget elementor-widget-eael-dual-color-header\" data-id=\"fc20212\" data-element_type=\"widget\" data-e-type=\"widget\" data-widget_type=\"eael-dual-color-header.default\">\n\t\t\t\t<div class=\"elementor-widget-container\">\n\t\t\t\t\t\t\t\t<div class=\"eael-dual-header\">\n\t\t\t\t<h2 class=\"title eael-dch-title\"><span class=\"eael-dch-title-text eael-dch-title-lead lead solid-color\">La<\/span> <span class=\"eael-dch-title-text\">Marca<\/span><\/h2>\t\t\t\t\t<span class=\"subtext\"><p>Celebramos la cultura y la excelencia culinaria de nuestro pa\u00eds fusionando elementos emblem\u00e1ticos en nuestra identidad:<\/p><p>Ta\u2019ab tiene su origen en la lengua maya y significa \u201csal\u201d que, m\u00e1s que un simple condimento, es la chispa que despierta los sentidos y entrelaza los ingredientes de cada platillo en un viaje culinario que comienza con un simple toque y se expande hasta el coraz\u00f3n, ofreciendo en cada bocado una historia de sabor. En su simplicidad, la sal es un homenaje a la complejidad del gusto, un recordatorio de que lo m\u00e1s simple puede ser lo m\u00e1s extraordinario, tanto en la gastronom\u00eda como en la vida misma.<\/p><\/span>\n\t\t\t\t\t\t\t\t\t<span class=\"eael-dch-svg-icon\"><\/span>\t\t\t\t\t\t\t<\/div>\n\n\t\t\t\t\t\t<\/div>\n\t\t\t\t<\/div>\n\t\t\t\t<\/div>\n\t\t\t\t\t<\/div>\n\t\t\t\t<\/div>\n\t\t<div class=\"elementor-element elementor-element-2f81cb0 e-flex e-con-boxed e-con e-parent\" data-id=\"2f81cb0\" data-element_type=\"container\" data-e-type=\"container\">\n\t\t\t\t\t<div class=\"e-con-inner\">\n\t\t<div class=\"elementor-element elementor-element-8d19d95 e-con-full e-flex e-con e-child\" data-id=\"8d19d95\" data-element_type=\"container\" data-e-type=\"container\" data-settings=\"{&quot;background_background&quot;:&quot;classic&quot;}\">\n\t\t\t\t<div class=\"elementor-element elementor-element-dabe454 eael-dual-header-content-align-left eael-dual-header-content-mobile-align-center elementor-widget elementor-widget-eael-dual-color-header\" data-id=\"dabe454\" data-element_type=\"widget\" data-e-type=\"widget\" data-widget_type=\"eael-dual-color-header.default\">\n\t\t\t\t<div class=\"elementor-widget-container\">\n\t\t\t\t\t\t\t\t<div class=\"eael-dual-header\">\n\t\t\t\t<h2 class=\"title eael-dch-title\"><span class=\"eael-dch-title-text eael-dch-title-lead lead solid-color\"><\/span> <span class=\"eael-dch-title-text\"><\/span><\/h2>\t\t\t\t\t<span class=\"subtext\"><p>Nuestra imagen captura la esencia de la cultura maya y la pasi\u00f3n de Ta\u2019ab por ofrecer una experiencia gastron\u00f3mica \u00fanica y rica en sabores.<\/p><ul><li>En su centro se encuentra una pir\u00e1mide maya estilizada que representa la arquitectura antigua y la experiencia ascendente que el restaurante ofrece.<\/li><li>En la cima de la pir\u00e1mide hay un \u201cocho\u201d en maya que rememora una parte de la ubicaci\u00f3n geogr\u00e1fica de nuestro recinto.<\/li><li>\u201cTa\u2019ab\u201d se acent\u00faa con un ap\u00f3strofe en forma de salero, haciendo una doble alusi\u00f3n a la palabra que da nombre a nuestro proyecto gastron\u00f3mico.<\/li><\/ul><p>La sal no solo mejora sabores; despierta memorias, conecta culturas y evoca emociones. Su presencia es sutil, pero su ausencia es profundamente notable.<\/p><\/span>\n\t\t\t\t\t\t\t\t\t<span class=\"eael-dch-svg-icon\"><\/span>\t\t\t\t\t\t\t<\/div>\n\n\t\t\t\t\t\t<\/div>\n\t\t\t\t<\/div>\n\t\t\t\t<\/div>\n\t\t<div class=\"elementor-element elementor-element-d6869f7 e-con-full e-flex elementor-invisible e-con e-child\" data-id=\"d6869f7\" data-element_type=\"container\" data-e-type=\"container\" data-settings=\"{&quot;background_background&quot;:&quot;classic&quot;,&quot;motion_fx_motion_fx_scrolling&quot;:&quot;yes&quot;,&quot;motion_fx_translateY_effect&quot;:&quot;yes&quot;,&quot;motion_fx_translateY_affectedRange&quot;:{&quot;unit&quot;:&quot;%&quot;,&quot;size&quot;:&quot;&quot;,&quot;sizes&quot;:{&quot;start&quot;:19,&quot;end&quot;:100}},&quot;animation&quot;:&quot;fadeIn&quot;,&quot;motion_fx_translateY_speed&quot;:{&quot;unit&quot;:&quot;px&quot;,&quot;size&quot;:4,&quot;sizes&quot;:[]},&quot;motion_fx_devices&quot;:[&quot;desktop&quot;,&quot;tablet&quot;,&quot;mobile&quot;]}\">\n\t\t\t\t<\/div>\n\t\t\t\t\t<\/div>\n\t\t\t\t<\/div>\n\t\t<div class=\"elementor-element elementor-element-6b47354 e-flex e-con-boxed e-con e-parent\" data-id=\"6b47354\" data-element_type=\"container\" data-e-type=\"container\">\n\t\t\t\t\t<div class=\"e-con-inner\">\n\t\t<div class=\"elementor-element elementor-element-721aa47 e-con-full e-flex elementor-invisible e-con e-child\" data-id=\"721aa47\" data-element_type=\"container\" data-e-type=\"container\" data-settings=\"{&quot;background_background&quot;:&quot;classic&quot;,&quot;motion_fx_motion_fx_scrolling&quot;:&quot;yes&quot;,&quot;motion_fx_translateY_effect&quot;:&quot;yes&quot;,&quot;motion_fx_translateY_affectedRange&quot;:{&quot;unit&quot;:&quot;%&quot;,&quot;size&quot;:&quot;&quot;,&quot;sizes&quot;:{&quot;start&quot;:11,&quot;end&quot;:100}},&quot;animation&quot;:&quot;fadeIn&quot;,&quot;motion_fx_translateY_speed&quot;:{&quot;unit&quot;:&quot;px&quot;,&quot;size&quot;:4,&quot;sizes&quot;:[]},&quot;motion_fx_devices&quot;:[&quot;desktop&quot;,&quot;tablet&quot;,&quot;mobile&quot;]}\">\n\t\t\t\t<\/div>\n\t\t<div class=\"elementor-element elementor-element-0aa8f82 e-con-full e-flex e-con e-child\" data-id=\"0aa8f82\" data-element_type=\"container\" data-e-type=\"container\" data-settings=\"{&quot;background_background&quot;:&quot;classic&quot;}\">\n\t\t\t\t<div class=\"elementor-element elementor-element-665e2e3 eael-dual-header-content-align-left eael-dual-header-content-mobile-align-center elementor-widget elementor-widget-eael-dual-color-header\" data-id=\"665e2e3\" data-element_type=\"widget\" data-e-type=\"widget\" data-widget_type=\"eael-dual-color-header.default\">\n\t\t\t\t<div class=\"elementor-widget-container\">\n\t\t\t\t\t\t\t\t<div class=\"eael-dual-header\">\n\t\t\t\t<h2 class=\"title eael-dch-title\"><span class=\"eael-dch-title-text eael-dch-title-lead lead solid-color\">El<\/span> <span class=\"eael-dch-title-text\">Lugar<\/span><\/h2>\t\t\t\t\t<span class=\"subtext\"><p>Ta\u2019ab, una experiencia culinaria en el centro de Coyoac\u00e1n -una de las zonas con mayor tradici\u00f3n en la Ciudad de M\u00e9xico-, invita a los comensales a un viaje sensorial \u00fanico en su patio central o en alguno de sus salones. Al entrar al restaurante, te sumerges en un oasis de tranquilidad y regocijo, lejos del bullicio de la ciudad y la zona, haciendo de cada desayuno, comida o cena una experiencia \u00edntima y exclusiva. Los detalles modernos se entrelazan con la arquitectura tradicional coyoacanense, creando un ambiente que celebra tanto el pasado como el presente.<\/p><\/span>\n\t\t\t\t\t\t\t\t\t<span class=\"eael-dch-svg-icon\"><\/span>\t\t\t\t\t\t\t<\/div>\n\n\t\t\t\t\t\t<\/div>\n\t\t\t\t<\/div>\n\t\t\t\t<\/div>\n\t\t\t\t\t<\/div>\n\t\t\t\t<\/div>\n\t\t<div class=\"elementor-element elementor-element-090984a e-flex e-con-boxed e-con e-parent\" data-id=\"090984a\" data-element_type=\"container\" data-e-type=\"container\">\n\t\t\t\t\t<div class=\"e-con-inner\">\n\t\t<div class=\"elementor-element elementor-element-4987e00 e-con-full e-flex e-con e-child\" data-id=\"4987e00\" data-element_type=\"container\" data-e-type=\"container\" data-settings=\"{&quot;background_background&quot;:&quot;classic&quot;}\">\n\t\t\t\t<div class=\"elementor-element elementor-element-c2215d0 eael-dual-header-content-align-left eael-dual-header-content-mobile-align-center elementor-widget elementor-widget-eael-dual-color-header\" data-id=\"c2215d0\" data-element_type=\"widget\" data-e-type=\"widget\" data-widget_type=\"eael-dual-color-header.default\">\n\t\t\t\t<div class=\"elementor-widget-container\">\n\t\t\t\t\t\t\t\t<div class=\"eael-dual-header\">\n\t\t\t\t<h2 class=\"title eael-dch-title\"><span class=\"eael-dch-title-text eael-dch-title-lead lead solid-color\">La<\/span> <span class=\"eael-dch-title-text\">Cocina<\/span><\/h2>\t\t\t\t\t<span class=\"subtext\"><p>En el coraz\u00f3n de nuestro restaurante, se encuentra un men\u00fa que es una oda a la autenticidad y a la rica herencia de nuestra cocina, el cual fue dise\u00f1ado meticulosamente por nuestro chef Luis de la Cera tejiendo una historia culinaria que abarca desde el vigor del norte hasta la calidez del sur de nuestra tierra.<\/p><p>Cada bocado es un descubrimiento, un equilibrio perfecto entre preparaciones cuidadas a detalle, presentaciones impecables y la fidelidad a los sabores aut\u00f3ctonos. Cada platillo es una expresi\u00f3n de respeto y amor por los ingredientes y los m\u00e9todos tradicionales, desde el mole ancestral hasta la vibrante sopa de tortilla. Y para aquellos que buscan frescura y audacia en su paladar, nuestro aguachile es simplemente imperdible.<\/p><p>\u00a0<\/p><\/span>\n\t\t\t\t\t\t\t\t\t<span class=\"eael-dch-svg-icon\"><\/span>\t\t\t\t\t\t\t<\/div>\n\n\t\t\t\t\t\t<\/div>\n\t\t\t\t<\/div>\n\t\t\t\t<\/div>\n\t\t<div class=\"elementor-element elementor-element-a479e85 e-con-full e-flex elementor-invisible e-con e-child\" data-id=\"a479e85\" data-element_type=\"container\" data-e-type=\"container\" data-settings=\"{&quot;background_background&quot;:&quot;classic&quot;,&quot;motion_fx_motion_fx_scrolling&quot;:&quot;yes&quot;,&quot;motion_fx_translateY_effect&quot;:&quot;yes&quot;,&quot;motion_fx_translateY_affectedRange&quot;:{&quot;unit&quot;:&quot;%&quot;,&quot;size&quot;:&quot;&quot;,&quot;sizes&quot;:{&quot;start&quot;:19,&quot;end&quot;:100}},&quot;animation&quot;:&quot;fadeIn&quot;,&quot;motion_fx_translateY_speed&quot;:{&quot;unit&quot;:&quot;px&quot;,&quot;size&quot;:4,&quot;sizes&quot;:[]},&quot;motion_fx_devices&quot;:[&quot;desktop&quot;,&quot;tablet&quot;,&quot;mobile&quot;]}\">\n\t\t\t\t<\/div>\n\t\t\t\t\t<\/div>\n\t\t\t\t<\/div>\n\t\t<div class=\"elementor-element elementor-element-afd4646 e-flex e-con-boxed e-con e-parent\" data-id=\"afd4646\" data-element_type=\"container\" data-e-type=\"container\">\n\t\t\t\t\t<div class=\"e-con-inner\">\n\t\t<div class=\"elementor-element elementor-element-6c7caf2 e-con-full e-flex elementor-invisible e-con e-child\" data-id=\"6c7caf2\" data-element_type=\"container\" data-e-type=\"container\" data-settings=\"{&quot;background_background&quot;:&quot;classic&quot;,&quot;motion_fx_motion_fx_scrolling&quot;:&quot;yes&quot;,&quot;motion_fx_translateY_effect&quot;:&quot;yes&quot;,&quot;motion_fx_translateY_affectedRange&quot;:{&quot;unit&quot;:&quot;%&quot;,&quot;size&quot;:&quot;&quot;,&quot;sizes&quot;:{&quot;start&quot;:11,&quot;end&quot;:100}},&quot;animation&quot;:&quot;fadeIn&quot;,&quot;motion_fx_translateY_speed&quot;:{&quot;unit&quot;:&quot;px&quot;,&quot;size&quot;:4,&quot;sizes&quot;:[]},&quot;motion_fx_devices&quot;:[&quot;desktop&quot;,&quot;tablet&quot;,&quot;mobile&quot;]}\">\n\t\t\t\t<\/div>\n\t\t<div class=\"elementor-element elementor-element-fd65427 e-con-full e-flex e-con e-child\" data-id=\"fd65427\" data-element_type=\"container\" data-e-type=\"container\" data-settings=\"{&quot;background_background&quot;:&quot;classic&quot;}\">\n\t\t\t\t<div class=\"elementor-element elementor-element-c591d6a eael-dual-header-content-align-left eael-dual-header-content-mobile-align-center elementor-widget elementor-widget-eael-dual-color-header\" data-id=\"c591d6a\" data-element_type=\"widget\" data-e-type=\"widget\" data-widget_type=\"eael-dual-color-header.default\">\n\t\t\t\t<div class=\"elementor-widget-container\">\n\t\t\t\t\t\t\t\t<div class=\"eael-dual-header\">\n\t\t\t\t<h2 class=\"title eael-dch-title\"><span class=\"eael-dch-title-text eael-dch-title-lead lead solid-color\"><\/span> <span class=\"eael-dch-title-text\"><\/span><\/h2>\t\t\t\t\t<span class=\"subtext\"><p>A nuestra cocina tambi\u00e9n la definen sus colores: una paleta de emociones que dan vida a cada plato. El rojo intenso de nuestro mole coloradito, el resplandor dorado del robalo a la talla, y el rosa mexicano de la cebolla sobre los panuchos de cochinita pibil no solo deleitan tus sentidos, sino que te transportan a un mundo donde cada sabor cuenta una historia.<\/p><p>En nuestro restaurante, nos comprometemos a ofrecerte una experiencia culinaria inolvidable, donde cada ingrediente es fresco y de la m\u00e1s alta calidad, porque t\u00fa lo mereces. Ven y d\u00e9jate llevar por un viaje de colores, sabores y emociones que celebran lo mejor de nuestra tierra y su legado culinario en un solo lugar.<\/p><\/span>\n\t\t\t\t\t\t\t\t\t<span class=\"eael-dch-svg-icon\"><\/span>\t\t\t\t\t\t\t<\/div>\n\n\t\t\t\t\t\t<\/div>\n\t\t\t\t<\/div>\n\t\t\t\t<\/div>\n\t\t\t\t\t<\/div>\n\t\t\t\t<\/div>\n\t\t\t\t<\/div>\n\t\t","protected":false},"excerpt":{"rendered":"<p>Sobre Ta&#8217;ab La Marca Celebramos la cultura y la excelencia culinaria de nuestro pa\u00eds fusionando elementos emblem\u00e1ticos en nuestra identidad: Ta\u2019ab tiene su origen en la lengua maya y significa \u201csal\u201d que, m\u00e1s que un simple condimento, es la chispa que despierta los sentidos y entrelaza los ingredientes de cada platillo en un viaje culinario [&hellip;]<\/p>\n","protected":false},"author":2,"featured_media":0,"parent":0,"menu_order":0,"comment_status":"closed","ping_status":"closed","template":"","meta":{"footnotes":""},"class_list":["post-763","page","type-page","status-publish","hentry"],"yoast_head":"<!-- This site is optimized with the Yoast SEO plugin v27.5 - https:\/\/yoast.com\/product\/yoast-seo-wordpress\/ -->\n<title>Sobre nosotros - Ta&#039;ab<\/title>\n<meta name=\"robots\" content=\"index, follow, max-snippet:-1, max-image-preview:large, max-video-preview:-1\" \/>\n<link rel=\"canonical\" href=\"https:\/\/taabrestaurante.com\/en\/sobre-nosotros\/\" \/>\n<meta property=\"og:locale\" content=\"en_US\" \/>\n<meta property=\"og:type\" content=\"article\" \/>\n<meta property=\"og:title\" content=\"Sobre nosotros - Ta&#039;ab\" \/>\n<meta property=\"og:description\" content=\"Sobre Ta&#8217;ab La Marca Celebramos la cultura y la excelencia culinaria de nuestro pa\u00eds fusionando elementos emblem\u00e1ticos en nuestra identidad: Ta\u2019ab tiene su origen en la lengua maya y significa \u201csal\u201d que, m\u00e1s que un simple condimento, es la chispa que despierta los sentidos y entrelaza los ingredientes de cada platillo en un viaje culinario [&hellip;]\" \/>\n<meta property=\"og:url\" content=\"https:\/\/taabrestaurante.com\/en\/sobre-nosotros\/\" \/>\n<meta property=\"og:site_name\" content=\"Ta&#039;ab\" \/>\n<meta property=\"article:modified_time\" content=\"2024-03-01T12:44:39+00:00\" \/>\n<meta name=\"twitter:card\" content=\"summary_large_image\" \/>\n<meta name=\"twitter:label1\" content=\"Est. reading time\" \/>\n\t<meta name=\"twitter:data1\" content=\"3 minutes\" \/>\n<script type=\"application\/ld+json\" class=\"yoast-schema-graph\">{\"@context\":\"https:\\\/\\\/schema.org\",\"@graph\":[{\"@type\":\"WebPage\",\"@id\":\"https:\\\/\\\/taabrestaurante.com\\\/sobre-nosotros\\\/\",\"url\":\"https:\\\/\\\/taabrestaurante.com\\\/sobre-nosotros\\\/\",\"name\":\"Sobre nosotros - Ta&#039;ab\",\"isPartOf\":{\"@id\":\"https:\\\/\\\/taabrestaurante.com\\\/#website\"},\"datePublished\":\"2024-01-31T11:56:59+00:00\",\"dateModified\":\"2024-03-01T12:44:39+00:00\",\"breadcrumb\":{\"@id\":\"https:\\\/\\\/taabrestaurante.com\\\/sobre-nosotros\\\/#breadcrumb\"},\"inLanguage\":\"en-US\",\"potentialAction\":[{\"@type\":\"ReadAction\",\"target\":[\"https:\\\/\\\/taabrestaurante.com\\\/sobre-nosotros\\\/\"]}]},{\"@type\":\"BreadcrumbList\",\"@id\":\"https:\\\/\\\/taabrestaurante.com\\\/sobre-nosotros\\\/#breadcrumb\",\"itemListElement\":[{\"@type\":\"ListItem\",\"position\":1,\"name\":\"Home\",\"item\":\"https:\\\/\\\/taabrestaurante.com\\\/\"},{\"@type\":\"ListItem\",\"position\":2,\"name\":\"Sobre nosotros\"}]},{\"@type\":\"WebSite\",\"@id\":\"https:\\\/\\\/taabrestaurante.com\\\/#website\",\"url\":\"https:\\\/\\\/taabrestaurante.com\\\/\",\"name\":\"Ta&#039;ab\",\"description\":\"Restaurante de comida mexicana tradicional en el Centro de Coyoac\u00e1n.\",\"publisher\":{\"@id\":\"https:\\\/\\\/taabrestaurante.com\\\/#organization\"},\"potentialAction\":[{\"@type\":\"SearchAction\",\"target\":{\"@type\":\"EntryPoint\",\"urlTemplate\":\"https:\\\/\\\/taabrestaurante.com\\\/?s={search_term_string}\"},\"query-input\":{\"@type\":\"PropertyValueSpecification\",\"valueRequired\":true,\"valueName\":\"search_term_string\"}}],\"inLanguage\":\"en-US\"},{\"@type\":\"Organization\",\"@id\":\"https:\\\/\\\/taabrestaurante.com\\\/#organization\",\"name\":\"Ta&#039;ab\",\"url\":\"https:\\\/\\\/taabrestaurante.com\\\/\",\"logo\":{\"@type\":\"ImageObject\",\"inLanguage\":\"en-US\",\"@id\":\"https:\\\/\\\/taabrestaurante.com\\\/#\\\/schema\\\/logo\\\/image\\\/\",\"url\":\"https:\\\/\\\/taabrestaurante.com\\\/wp-content\\\/uploads\\\/2024\\\/01\\\/cropped-favico-1.png\",\"contentUrl\":\"https:\\\/\\\/taabrestaurante.com\\\/wp-content\\\/uploads\\\/2024\\\/01\\\/cropped-favico-1.png\",\"width\":820,\"height\":820,\"caption\":\"Ta&#039;ab\"},\"image\":{\"@id\":\"https:\\\/\\\/taabrestaurante.com\\\/#\\\/schema\\\/logo\\\/image\\\/\"}}]}<\/script>\n<!-- \/ Yoast SEO plugin. -->","yoast_head_json":{"title":"Sobre nosotros - Ta&#039;ab","robots":{"index":"index","follow":"follow","max-snippet":"max-snippet:-1","max-image-preview":"max-image-preview:large","max-video-preview":"max-video-preview:-1"},"canonical":"https:\/\/taabrestaurante.com\/en\/sobre-nosotros\/","og_locale":"en_US","og_type":"article","og_title":"Sobre nosotros - Ta&#039;ab","og_description":"Sobre Ta&#8217;ab La Marca Celebramos la cultura y la excelencia culinaria de nuestro pa\u00eds fusionando elementos emblem\u00e1ticos en nuestra identidad: Ta\u2019ab tiene su origen en la lengua maya y significa \u201csal\u201d que, m\u00e1s que un simple condimento, es la chispa que despierta los sentidos y entrelaza los ingredientes de cada platillo en un viaje culinario [&hellip;]","og_url":"https:\/\/taabrestaurante.com\/en\/sobre-nosotros\/","og_site_name":"Ta&#039;ab","article_modified_time":"2024-03-01T12:44:39+00:00","twitter_card":"summary_large_image","twitter_misc":{"Est. reading time":"3 minutes"},"schema":{"@context":"https:\/\/schema.org","@graph":[{"@type":"WebPage","@id":"https:\/\/taabrestaurante.com\/sobre-nosotros\/","url":"https:\/\/taabrestaurante.com\/sobre-nosotros\/","name":"Sobre nosotros - Ta&#039;ab","isPartOf":{"@id":"https:\/\/taabrestaurante.com\/#website"},"datePublished":"2024-01-31T11:56:59+00:00","dateModified":"2024-03-01T12:44:39+00:00","breadcrumb":{"@id":"https:\/\/taabrestaurante.com\/sobre-nosotros\/#breadcrumb"},"inLanguage":"en-US","potentialAction":[{"@type":"ReadAction","target":["https:\/\/taabrestaurante.com\/sobre-nosotros\/"]}]},{"@type":"BreadcrumbList","@id":"https:\/\/taabrestaurante.com\/sobre-nosotros\/#breadcrumb","itemListElement":[{"@type":"ListItem","position":1,"name":"Home","item":"https:\/\/taabrestaurante.com\/"},{"@type":"ListItem","position":2,"name":"Sobre nosotros"}]},{"@type":"WebSite","@id":"https:\/\/taabrestaurante.com\/#website","url":"https:\/\/taabrestaurante.com\/","name":"Ta&#039;ab","description":"Restaurante de comida mexicana tradicional en el Centro de Coyoac\u00e1n.","publisher":{"@id":"https:\/\/taabrestaurante.com\/#organization"},"potentialAction":[{"@type":"SearchAction","target":{"@type":"EntryPoint","urlTemplate":"https:\/\/taabrestaurante.com\/?s={search_term_string}"},"query-input":{"@type":"PropertyValueSpecification","valueRequired":true,"valueName":"search_term_string"}}],"inLanguage":"en-US"},{"@type":"Organization","@id":"https:\/\/taabrestaurante.com\/#organization","name":"Ta&#039;ab","url":"https:\/\/taabrestaurante.com\/","logo":{"@type":"ImageObject","inLanguage":"en-US","@id":"https:\/\/taabrestaurante.com\/#\/schema\/logo\/image\/","url":"https:\/\/taabrestaurante.com\/wp-content\/uploads\/2024\/01\/cropped-favico-1.png","contentUrl":"https:\/\/taabrestaurante.com\/wp-content\/uploads\/2024\/01\/cropped-favico-1.png","width":820,"height":820,"caption":"Ta&#039;ab"},"image":{"@id":"https:\/\/taabrestaurante.com\/#\/schema\/logo\/image\/"}}]}},"_links":{"self":[{"href":"https:\/\/taabrestaurante.com\/en\/wp-json\/wp\/v2\/pages\/763","targetHints":{"allow":["GET"]}}],"collection":[{"href":"https:\/\/taabrestaurante.com\/en\/wp-json\/wp\/v2\/pages"}],"about":[{"href":"https:\/\/taabrestaurante.com\/en\/wp-json\/wp\/v2\/types\/page"}],"author":[{"embeddable":true,"href":"https:\/\/taabrestaurante.com\/en\/wp-json\/wp\/v2\/users\/2"}],"replies":[{"embeddable":true,"href":"https:\/\/taabrestaurante.com\/en\/wp-json\/wp\/v2\/comments?post=763"}],"version-history":[{"count":5,"href":"https:\/\/taabrestaurante.com\/en\/wp-json\/wp\/v2\/pages\/763\/revisions"}],"predecessor-version":[{"id":1353,"href":"https:\/\/taabrestaurante.com\/en\/wp-json\/wp\/v2\/pages\/763\/revisions\/1353"}],"wp:attachment":[{"href":"https:\/\/taabrestaurante.com\/en\/wp-json\/wp\/v2\/media?parent=763"}],"curies":[{"name":"wp","href":"https:\/\/api.w.org\/{rel}","templated":true}]}}